{"id":2955,"date":"2014-11-18T11:05:52","date_gmt":"2014-11-18T10:05:52","guid":{"rendered":"https:\/\/www.mgm.ch\/treuhander-und-immobilienagentur-aus-lausanne\/"},"modified":"2025-11-17T17:54:41","modified_gmt":"2025-11-17T16:54:41","slug":"treuhander-und-immobilienagentur-aus-lausanne","status":"publish","type":"page","link":"https:\/\/www.mgm.ch\/de\/","title":{"rendered":"MGM: Immobilienverwaltung in Lutry \/ La Conversion"},"content":{"rendered":"<p>MGM ist eine <strong>Fiduciary<\/strong> und <strong>Immobilienverwaltung<\/strong> mit pers\u00f6nlicher Betreuung, die seit 1989 in der Region <strong>Lausanne \u2013 Lavaux \u2013 Riviera<\/strong> t\u00e4tig ist.<\/p>\n<p>Wir sind auf die Verwaltung von Mietgeb\u00e4uden und Wohnungen spezialisiert und begleiten Sie bei all Ihren Immobilienprojekten: vom Erwerb bis zum Verkauf, \u00fcber die Vermietung und die <strong>Verwaltung Ihres Immobilienverm\u00f6gens<\/strong> \u2013 sowohl mietrechtlich als auch finanziell und technisch.<\/p>\n<p>Mit \u00fcber 30 Jahren Erfahrung sind wir stolz darauf, unseren Kundinnen und Kunden einen pers\u00f6nlichen und umfassenden 360\u00b0-Service zu bieten.<\/p>\n<p><strong>Ben\u00f6tigen Sie eine Beratung? Haben Sie eine Frage? Unser reaktionsschnelles und professionelles Team freut sich darauf, Sie zu unterst\u00fctzen: <a href=\"mailto:gerance@mgm.ch\">kontaktieren Sie uns<\/a>.<\/strong><\/p>\n","protected":false},"excerpt":{"rendered":"<p>MGM ist eine Fiduciary und Immobilienverwaltung mit pers\u00f6nlicher Betreuung, die seit 1989 in der Region Lausanne \u2013 Lavaux \u2013 Riviera t\u00e4tig ist. Wir sind auf die Verwaltung von Mietgeb\u00e4uden und Wohnungen spezialisiert und begleiten Sie bei all Ihren Immobilienprojekten: vom Erwerb bis zum Verkauf, \u00fcber die Vermietung und die Verwaltung Ihres Immobilienverm\u00f6gens \u2013 sowohl mietrechtlich [&hellip;]<\/p>\n","protected":false},"author":1,"featured_media":0,"parent":0,"menu_order":0,"comment_status":"closed","ping_status":"closed","template":"template-home.php","meta":{"inline_featured_image":false,"footnotes":""},"class_list":["post-2955","page","type-page","status-publish","hentry"],"aioseo_notices":[],"_links":{"self":[{"href":"https:\/\/www.mgm.ch\/de\/wp-json\/wp\/v2\/pages\/2955","targetHints":{"allow":["GET"]}}],"collection":[{"href":"https:\/\/www.mgm.ch\/de\/wp-json\/wp\/v2\/pages"}],"about":[{"href":"https:\/\/www.mgm.ch\/de\/wp-json\/wp\/v2\/types\/page"}],"author":[{"embeddable":true,"href":"https:\/\/www.mgm.ch\/de\/wp-json\/wp\/v2\/users\/1"}],"replies":[{"embeddable":true,"href":"https:\/\/www.mgm.ch\/de\/wp-json\/wp\/v2\/comments?post=2955"}],"version-history":[{"count":4,"href":"https:\/\/www.mgm.ch\/de\/wp-json\/wp\/v2\/pages\/2955\/revisions"}],"predecessor-version":[{"id":5283,"href":"https:\/\/www.mgm.ch\/de\/wp-json\/wp\/v2\/pages\/2955\/revisions\/5283"}],"wp:attachment":[{"href":"https:\/\/www.mgm.ch\/de\/wp-json\/wp\/v2\/media?parent=2955"}],"curies":[{"name":"wp","href":"https:\/\/api.w.org\/{rel}","templated":true}]}}