{"id":2959,"date":"2014-11-18T13:37:44","date_gmt":"2014-11-18T12:37:44","guid":{"rendered":"https:\/\/www.mgm.ch\/eine-menschliche-verwaltung-aus-lausanne\/"},"modified":"2023-11-14T18:15:27","modified_gmt":"2023-11-14T17:15:27","slug":"eine-menschliche-verwaltung-aus-lausanne","status":"publish","type":"page","link":"https:\/\/www.mgm.ch\/de\/eine-menschliche-verwaltung-aus-lausanne\/","title":{"rendered":"Eine Verwaltung auf menschlichem Niveau aus Lausanne"},"content":{"rendered":"\n<h2 class=\"wp-block-heading\">Wer sind wir?<\/h2>\n\n<p>Gegr\u00fcndet im Jahr 1989, ist MGM Fiduciaire SA eine kleine Agentur, die haupts\u00e4chlich in der Region Lausanne bis Montreux t\u00e4tig ist.<\/p>\n\n<p>Mit \u00fcber 30 Jahren Erfahrung arbeiten wir eng mit privaten Eigent\u00fcmern zusammen und bieten ihnen einen ma\u00dfgeschneiderten Service in den Bereichen Verwaltung, Vermietung und technisches Management.<\/p>\n\n<div class=\"wp-block-buttons is-layout-flex wp-block-buttons-is-layout-flex\">\n<div class=\"wp-block-button\"><a class=\"wp-block-button__link has-background wp-element-button\" href=\"https:\/\/www.mgm.ch\/de\/vertrauen-sie-uns-die-verwaltung-ihrer-immobilie-in-aller-ruhe-an\/\" style=\"border-radius:0px;background-color:#7c181c\">Entdecken Sie unsere Dienstleistungen<\/a><\/div>\n<\/div>\n\n<h2 class=\"wp-block-heading\">Unser Team<\/h2>\n\n<div class=\"wp-block-columns is-layout-flex wp-container-core-columns-is-layout-9d6595d7 wp-block-columns-is-layout-flex\">\n<div class=\"wp-block-column is-layout-flow wp-block-column-is-layout-flow\">\n<figure class=\"wp-block-image centerLegend\"><img loading=\"lazy\" decoding=\"async\" width=\"350\" height=\"350\" src=\"https:\/\/www.mgm.ch\/wp-content\/uploads\/2023\/11\/Frank.webp\" alt=\"\" class=\"wp-image-3259\" srcset=\"https:\/\/www.mgm.ch\/wp-content\/uploads\/2023\/11\/Frank.webp 350w, https:\/\/www.mgm.ch\/wp-content\/uploads\/2023\/11\/Frank-300x300.webp 300w, https:\/\/www.mgm.ch\/wp-content\/uploads\/2023\/11\/Frank-150x150.webp 150w\" sizes=\"auto, (max-width: 350px) 100vw, 350px\" \/><figcaption class=\"wp-element-caption\"><strong>Frank M\u00e9trailler<\/strong><br\/>Administrator seit 1980<br\/>Verwaltungsmakler<\/figcaption><\/figure><\/div>\n\n\n\n<div class=\"wp-block-column is-layout-flow wp-block-column-is-layout-flow\">\n<figure class=\"wp-block-image size-full centerLegend\"><img loading=\"lazy\" decoding=\"async\" width=\"350\" height=\"350\" src=\"https:\/\/www.mgm.ch\/wp-content\/uploads\/2023\/11\/Nathalie.webp\" alt=\"\" class=\"wp-image-3262\" srcset=\"https:\/\/www.mgm.ch\/wp-content\/uploads\/2023\/11\/Nathalie.webp 350w, https:\/\/www.mgm.ch\/wp-content\/uploads\/2023\/11\/Nathalie-300x300.webp 300w, https:\/\/www.mgm.ch\/wp-content\/uploads\/2023\/11\/Nathalie-150x150.webp 150w\" sizes=\"auto, (max-width: 350px) 100vw, 350px\" \/><figcaption class=\"wp-element-caption\"><strong>Nathalie Bezen\u00e7on<\/strong><br\/>Administratorin seit 1990<br\/>Diplomierte Buchhalterin<\/figcaption><\/figure><\/div>\n\n\n\n<div class=\"wp-block-column is-layout-flow wp-block-column-is-layout-flow\">\n<figure class=\"wp-block-image size-full centerLegend\"><img loading=\"lazy\" decoding=\"async\" width=\"350\" height=\"350\" src=\"https:\/\/www.mgm.ch\/wp-content\/uploads\/2023\/11\/Sebastien.webp\" alt=\"\" class=\"wp-image-3265\" srcset=\"https:\/\/www.mgm.ch\/wp-content\/uploads\/2023\/11\/Sebastien.webp 350w, https:\/\/www.mgm.ch\/wp-content\/uploads\/2023\/11\/Sebastien-300x300.webp 300w, https:\/\/www.mgm.ch\/wp-content\/uploads\/2023\/11\/Sebastien-150x150.webp 150w\" sizes=\"auto, (max-width: 350px) 100vw, 350px\" \/><figcaption class=\"wp-element-caption\"><strong>S\u00e9bastien Angot<\/strong><br\/>Administrator \u2013 Direktor<br\/>Technischer Manager<\/figcaption><\/figure><\/div>\n\n\n\n<div class=\"wp-block-column is-layout-flow wp-block-column-is-layout-flow\">\n<figure class=\"wp-block-image size-full centerLegend\"><img loading=\"lazy\" decoding=\"async\" width=\"350\" height=\"350\" src=\"https:\/\/www.mgm.ch\/wp-content\/uploads\/2023\/11\/Stephanie.webp\" alt=\"\" class=\"wp-image-3268\" srcset=\"https:\/\/www.mgm.ch\/wp-content\/uploads\/2023\/11\/Stephanie.webp 350w, https:\/\/www.mgm.ch\/wp-content\/uploads\/2023\/11\/Stephanie-300x300.webp 300w, https:\/\/www.mgm.ch\/wp-content\/uploads\/2023\/11\/Stephanie-150x150.webp 150w\" sizes=\"auto, (max-width: 350px) 100vw, 350px\" \/><figcaption class=\"wp-element-caption\"><strong>St\u00e9phanie Peixoto<\/strong><br\/>Gesch\u00e4ftsf\u00fchrungssekret\u00e4rin<br\/>Diplomierte Buchhalterin<\/figcaption><\/figure><\/div>\n<\/div>\n","protected":false},"excerpt":{"rendered":"<p>Wer sind wir? Gegr\u00fcndet im Jahr 1989, ist MGM Fiduciaire SA eine kleine Agentur, die haupts\u00e4chlich in der Region Lausanne bis Montreux t\u00e4tig ist. Mit \u00fcber 30 Jahren Erfahrung arbeiten wir eng mit privaten Eigent\u00fcmern zusammen und bieten ihnen einen ma\u00dfgeschneiderten Service in den Bereichen Verwaltung, Vermietung und technisches Management. Unser Team<\/p>\n","protected":false},"author":1,"featured_media":0,"parent":0,"menu_order":31,"comment_status":"closed","ping_status":"closed","template":"","meta":{"inline_featured_image":false,"footnotes":""},"class_list":["post-2959","page","type-page","status-publish","hentry"],"aioseo_notices":[],"_links":{"self":[{"href":"https:\/\/www.mgm.ch\/de\/wp-json\/wp\/v2\/pages\/2959","targetHints":{"allow":["GET"]}}],"collection":[{"href":"https:\/\/www.mgm.ch\/de\/wp-json\/wp\/v2\/pages"}],"about":[{"href":"https:\/\/www.mgm.ch\/de\/wp-json\/wp\/v2\/types\/page"}],"author":[{"embeddable":true,"href":"https:\/\/www.mgm.ch\/de\/wp-json\/wp\/v2\/users\/1"}],"replies":[{"embeddable":true,"href":"https:\/\/www.mgm.ch\/de\/wp-json\/wp\/v2\/comments?post=2959"}],"version-history":[{"count":9,"href":"https:\/\/www.mgm.ch\/de\/wp-json\/wp\/v2\/pages\/2959\/revisions"}],"predecessor-version":[{"id":3283,"href":"https:\/\/www.mgm.ch\/de\/wp-json\/wp\/v2\/pages\/2959\/revisions\/3283"}],"wp:attachment":[{"href":"https:\/\/www.mgm.ch\/de\/wp-json\/wp\/v2\/media?parent=2959"}],"curies":[{"name":"wp","href":"https:\/\/api.w.org\/{rel}","templated":true}]}}