{"id":2961,"date":"2014-11-18T11:56:45","date_gmt":"2014-11-18T10:56:45","guid":{"rendered":"https:\/\/www.mgm.ch\/vertrauen-sie-uns-die-verwaltung-ihrer-immobilie-in-aller-ruhe-an\/"},"modified":"2023-07-25T10:36:17","modified_gmt":"2023-07-25T09:36:17","slug":"vertrauen-sie-uns-die-verwaltung-ihrer-immobilie-in-aller-ruhe-an","status":"publish","type":"page","link":"https:\/\/www.mgm.ch\/de\/vertrauen-sie-uns-die-verwaltung-ihrer-immobilie-in-aller-ruhe-an\/","title":{"rendered":"Vertrauen Sie uns die Verwaltung Ihrer Immobilie(n) in aller Ruhe an"},"content":{"rendered":"<h2>Unsere Dienstleistungen<\/h2>\n<ul>\n<li>Administratives, technischse, finanzielles oder globales Management<\/li>\n<li>Informationen und enge Zusammenarbeit mit den Eigent\u00fcmern<\/li>\n<li>Einwandfreie Buchf\u00fchrung, Abrechnung mit Gewinn- und Verlustbilanz<\/li>\n<li>Mieteinnahmen oder StWE-Geb\u00fchren werden auf Ihr eigenes Bankkonto einbezahlt<\/li>\n<li>Vertragsabschluss und -abwicklung<\/li>\n<li>Schnelle administrative Verfahren<\/li>\n<li>Erhaltung des investierten Kapitals und einer gerechten Rendite<\/li>\n<li>Wartung (technische Arbeiten)<\/li>\n<\/ul>\n<h2>Unsere Verpflichtungen<\/h2>\n<h3>Professionalit\u00e4t und Effizienz<\/h3>\n<p>Wir bieten umfassende und qualitativ hochwertige Dienstleistungen an. Wir reagieren schnell auf Ihre Anfragen, schlie\u00dfen die Abrechnungen ab, organisieren Versammlungen und senden Protokolle so schnell wie m\u00f6glich.<\/p>\n<p>Wir sind leicht erreichbar und verf\u00fcgbar.<\/p>\n<h3>Seriosit\u00e4t und Transparenz<\/h3>\n<p>Alle StWEs haben ihre eigenen Bankkonten. Wir f\u00fchren eine klare Buchhaltung, die nur wenige Seiten umfasst. Diese Elemente erm\u00f6glichen eine einfache \u00dcberpr\u00fcfung, auch f\u00fcr Nicht-Experten.<\/p>\n<h3>Pers\u00f6nlicher Service und Empfang<\/h3>\n<p>MGM ist ein kleines Unternehmen, in dem sich jedes Anliegen Tag f\u00fcr Tag durch ein erfahrenes und dynamisches Team umgesetzt wird, das im besten Interesse handelt.<\/p>\n<p>Da jeder Kunde unterschiedliche Erwartungen hat, passen wir uns an und bieten ma\u00dfgeschneiderte L\u00f6sungen an.<\/p>\n","protected":false},"excerpt":{"rendered":"<p>Unsere Dienstleistungen Administratives, technischse, finanzielles oder globales Management Informationen und enge Zusammenarbeit mit den Eigent\u00fcmern Einwandfreie Buchf\u00fchrung, Abrechnung mit Gewinn- und Verlustbilanz Mieteinnahmen oder StWE-Geb\u00fchren werden auf Ihr eigenes Bankkonto einbezahlt Vertragsabschluss und -abwicklung Schnelle administrative Verfahren Erhaltung des investierten Kapitals und einer gerechten Rendite Wartung (technische Arbeiten) Unsere Verpflichtungen Professionalit\u00e4t und Effizienz Wir bieten [&hellip;]<\/p>\n","protected":false},"author":1,"featured_media":2768,"parent":0,"menu_order":40,"comment_status":"closed","ping_status":"closed","template":"","meta":{"inline_featured_image":false,"footnotes":""},"class_list":["post-2961","page","type-page","status-publish","has-post-thumbnail","hentry"],"aioseo_notices":[],"_links":{"self":[{"href":"https:\/\/www.mgm.ch\/de\/wp-json\/wp\/v2\/pages\/2961","targetHints":{"allow":["GET"]}}],"collection":[{"href":"https:\/\/www.mgm.ch\/de\/wp-json\/wp\/v2\/pages"}],"about":[{"href":"https:\/\/www.mgm.ch\/de\/wp-json\/wp\/v2\/types\/page"}],"author":[{"embeddable":true,"href":"https:\/\/www.mgm.ch\/de\/wp-json\/wp\/v2\/users\/1"}],"replies":[{"embeddable":true,"href":"https:\/\/www.mgm.ch\/de\/wp-json\/wp\/v2\/comments?post=2961"}],"version-history":[{"count":2,"href":"https:\/\/www.mgm.ch\/de\/wp-json\/wp\/v2\/pages\/2961\/revisions"}],"predecessor-version":[{"id":3039,"href":"https:\/\/www.mgm.ch\/de\/wp-json\/wp\/v2\/pages\/2961\/revisions\/3039"}],"wp:featuredmedia":[{"embeddable":true,"href":"https:\/\/www.mgm.ch\/de\/wp-json\/wp\/v2\/media\/2768"}],"wp:attachment":[{"href":"https:\/\/www.mgm.ch\/de\/wp-json\/wp\/v2\/media?parent=2961"}],"curies":[{"name":"wp","href":"https:\/\/api.w.org\/{rel}","templated":true}]}}