{"id":5295,"date":"2025-11-17T18:03:47","date_gmt":"2025-11-17T17:03:47","guid":{"rendered":"https:\/\/www.mgm.ch\/immobilien-artikel-und-ratgeber-lutry\/"},"modified":"2025-11-18T12:12:01","modified_gmt":"2025-11-18T11:12:01","slug":"immobilien-artikel-und-ratgeber-lutry","status":"publish","type":"page","link":"https:\/\/www.mgm.ch\/de\/immobilien-artikel-und-ratgeber-lutry\/","title":{"rendered":"Immobilien-Artikel &#038; Ratgeber"},"content":{"rendered":"\n<p>Ob Eigent\u00fcmer eines Mietgeb\u00e4udes, eines Stockwerkeigentums oder einer einzelnen Wohnung \u2013 hier finden Sie Artikel und praktische Tipps, die Ihnen helfen, aktuelle Immobilienthemen besser zu verstehen, Ihre Liegenschaft effizient zu verwalten und die vielf\u00e4ltigen Aufgaben einer Immobilienverwaltung kennenzulernen.<\/p>\n\n<p>Wir behandeln Themen wie Vermietungs- und technische Verwaltung, Unterhalt, Gesetzgebung, Steuern, Mieterbeziehungen sowie Besonderheiten des regionalen Immobilienmarktes.<\/p>\n\n<p>\ud83d\udc49 N\u00fctzliche Informationen f\u00fcr anspruchsvolle Eigent\u00fcmer, die eine klare, sorgf\u00e4ltige und professionelle Verwaltung erwarten.<\/p>\n\n<p><\/p>\n","protected":false},"excerpt":{"rendered":"<p>Ob Eigent\u00fcmer eines Mietgeb\u00e4udes, eines Stockwerkeigentums oder einer einzelnen Wohnung \u2013 hier finden Sie Artikel und praktische Tipps, die Ihnen helfen, aktuelle Immobilienthemen besser zu verstehen, Ihre Liegenschaft effizient zu verwalten und die vielf\u00e4ltigen Aufgaben einer Immobilienverwaltung kennenzulernen. Wir behandeln Themen wie Vermietungs- und technische Verwaltung, Unterhalt, Gesetzgebung, Steuern, Mieterbeziehungen sowie Besonderheiten des regionalen Immobilienmarktes. [&hellip;]<\/p>\n","protected":false},"author":1,"featured_media":0,"parent":0,"menu_order":0,"comment_status":"closed","ping_status":"closed","template":"page-blog.php","meta":{"inline_featured_image":false,"footnotes":""},"class_list":["post-5295","page","type-page","status-publish","hentry"],"aioseo_notices":[],"_links":{"self":[{"href":"https:\/\/www.mgm.ch\/de\/wp-json\/wp\/v2\/pages\/5295","targetHints":{"allow":["GET"]}}],"collection":[{"href":"https:\/\/www.mgm.ch\/de\/wp-json\/wp\/v2\/pages"}],"about":[{"href":"https:\/\/www.mgm.ch\/de\/wp-json\/wp\/v2\/types\/page"}],"author":[{"embeddable":true,"href":"https:\/\/www.mgm.ch\/de\/wp-json\/wp\/v2\/users\/1"}],"replies":[{"embeddable":true,"href":"https:\/\/www.mgm.ch\/de\/wp-json\/wp\/v2\/comments?post=5295"}],"version-history":[{"count":1,"href":"https:\/\/www.mgm.ch\/de\/wp-json\/wp\/v2\/pages\/5295\/revisions"}],"predecessor-version":[{"id":5296,"href":"https:\/\/www.mgm.ch\/de\/wp-json\/wp\/v2\/pages\/5295\/revisions\/5296"}],"wp:attachment":[{"href":"https:\/\/www.mgm.ch\/de\/wp-json\/wp\/v2\/media?parent=5295"}],"curies":[{"name":"wp","href":"https:\/\/api.w.org\/{rel}","templated":true}]}}