{"id":4545,"date":"2025-04-04T09:33:48","date_gmt":"2025-04-04T08:33:48","guid":{"rendered":"https:\/\/www.mgm.ch\/property-management-lausanne-lutry-lavaux-montreux\/"},"modified":"2025-11-17T16:24:19","modified_gmt":"2025-11-17T15:24:19","slug":"property-management-lausanne-lutry-lavaux-montreux","status":"publish","type":"page","link":"https:\/\/www.mgm.ch\/en\/property-management-lausanne-lutry-lavaux-montreux\/","title":{"rendered":"A human-scale property management company"},"content":{"rendered":"\n<p><strong>Fond\u00e9e en 1989, MGM Fiduciaire SA accompagne avec passion ses clients dans la gestion de leur patrimoine immobilier.<\/strong><br\/>Install\u00e9e sur les <a href=\"https:\/\/www.mgm.ch\/gerance-immobiliere-a-lutry-la-conversion\/\" target=\"_blank\" rel=\"noopener\" title=\"G&#xE9;rance immobili&#xE8;re &#xE0; Lutry &#x2013; La Conversion\">hauteurs de Lutry<\/a> depuis 2014, notre agence \u00e0 taille humaine met un point d&#8217;honneur \u00e0 privil\u00e9gier la qualit\u00e9 des relations et la proximit\u00e9, active principalement sur Lausanne, Lavaux et Montreux-Riviera.<\/p>\n\n<p><p class=\"p1\"><strong>Initially established as a fiduciary company, MGM has built an excellent reputation over the years in the field of property management.<\/strong>&#13;\nWith over 30 years of experience, we have developed strong, trusting relationships with each of our clients, based on availability and transparency.<\/p><\/p>\n\n<p><p class=\"p1\"><strong>Our philosophy<\/strong> is simple: to maintain open and constant communication with our property owner clients, and a balanced relationship with tenants.&#13;\nThis approach allows us to ensure high-quality management and prevent conflicts. In a sector where tensions can quickly arise, this human-centered approach truly makes the difference.<\/p><\/p>\n\n<p><p class=\"p1\"><b>MGM offers a full range of property management services:<\/b><\/p><\/p>\n\n<ul class=\"wp-block-list\">\n<li>Support with acquisition or resale<\/li>\n\n\n\n<li>Property letting services<\/li>\n\n\n\n<li>Rental management<\/li>\n\n\n\n<li>Technical monitoring of buildings<\/li>\n\n\n\n<li>Administration of condominiums (PPE)<\/li>\n\n\n\n<li>Advice to property owners and support throughout their procedures<\/li>\n<\/ul>\n\n<p><p class=\"p1\"><b>MGM is a property management company that\u2019s closer to you.&#13;\n<\/b><b>Working with us means choosing a team that is local, accessible, responsive, and fully committed to managing and enhancing your real estate assets.<\/b><\/p><\/p>\n\n<div class=\"wp-block-buttons is-layout-flex wp-block-buttons-is-layout-flex\">\n<div class=\"wp-block-button\"><a class=\"wp-block-button__link has-background wp-element-button\" href=\"https:\/\/www.mgm.ch\/en\/entrust-the-management-of-your-real-estate-with-peace-of-mind\/\" style=\"border-radius:0px;background-color:#7c181c\">View all our services<\/a><\/div>\n<\/div>\n\n<p><\/p>\n","protected":false},"excerpt":{"rendered":"<p>Fond\u00e9e en 1989, MGM Fiduciaire SA accompagne avec passion ses clients dans la gestion de leur patrimoine immobilier.Install\u00e9e sur les hauteurs de Lutry depuis 2014, notre agence \u00e0 taille humaine met un point d&#8217;honneur \u00e0 privil\u00e9gier la qualit\u00e9 des relations et la proximit\u00e9, active principalement sur Lausanne, Lavaux et Montreux-Riviera. Initially established as a fiduciary [&hellip;]<\/p>\n","protected":false},"author":1,"featured_media":4526,"parent":0,"menu_order":30,"comment_status":"closed","ping_status":"closed","template":"","meta":{"inline_featured_image":false,"footnotes":""},"class_list":["post-4545","page","type-page","status-publish","has-post-thumbnail","hentry"],"aioseo_notices":[],"_links":{"self":[{"href":"https:\/\/www.mgm.ch\/en\/wp-json\/wp\/v2\/pages\/4545","targetHints":{"allow":["GET"]}}],"collection":[{"href":"https:\/\/www.mgm.ch\/en\/wp-json\/wp\/v2\/pages"}],"about":[{"href":"https:\/\/www.mgm.ch\/en\/wp-json\/wp\/v2\/types\/page"}],"author":[{"embeddable":true,"href":"https:\/\/www.mgm.ch\/en\/wp-json\/wp\/v2\/users\/1"}],"replies":[{"embeddable":true,"href":"https:\/\/www.mgm.ch\/en\/wp-json\/wp\/v2\/comments?post=4545"}],"version-history":[{"count":2,"href":"https:\/\/www.mgm.ch\/en\/wp-json\/wp\/v2\/pages\/4545\/revisions"}],"predecessor-version":[{"id":5272,"href":"https:\/\/www.mgm.ch\/en\/wp-json\/wp\/v2\/pages\/4545\/revisions\/5272"}],"wp:featuredmedia":[{"embeddable":true,"href":"https:\/\/www.mgm.ch\/en\/wp-json\/wp\/v2\/media\/4526"}],"wp:attachment":[{"href":"https:\/\/www.mgm.ch\/en\/wp-json\/wp\/v2\/media?parent=4545"}],"curies":[{"name":"wp","href":"https:\/\/api.w.org\/{rel}","templated":true}]}}